{"id":3465,"date":"2016-04-23T02:02:01","date_gmt":"2016-04-23T02:02:01","guid":{"rendered":"https:\/\/woodpanelhouses.eu\/kontakti\/"},"modified":"2024-02-26T17:53:23","modified_gmt":"2024-02-26T17:53:23","slug":"contacts","status":"publish","type":"page","link":"https:\/\/woodpanelhouses.eu\/en\/contacts\/","title":{"rendered":"Contacts"},"content":{"rendered":"<p>[vc_row newlayout=&#8221;Fixed&#8221;][vc_column]<div class=\"blank-spacer clearfix  \"  style=\"margin-bottom:80px !important; clear:both;\"><\/div><div class=\"section_header tblock-box text-left  \"><h2 class=\"tblock \" >contact us<\/h2><p >Contact us to arrange an appointment before your visit<\/p><\/div><div class=\"blank-spacer clearfix  \"  style=\"margin-bottom:80px !important; clear:both;\"><\/div>[\/vc_column][\/vc_row][vc_row newlayout=&#8221;Fixed&#8221; el_class=&#8221;touch&#8221;][vc_column width=&#8221;1\/3&#8243;]<ul class=\"contact-shortcode contact-ver2  \"><li class=\"item\">\r\n\t\t\t\t\t\t\t<div class=\"media\">\r\n\t\t\t\t\t\t\t\t<div class=\"media-left\">\r\n\t\t\t\t\t\t\t\t\t<a href=\"#\"><i class=\"fa fa-map-marker\"><\/i><\/a>\r\n\t\t\t\t\t\t\t\t<\/div>\r\n\t\t\t\t\t\t\t\t<div class=\"media-body\">''Meh\u0101nisk\u0101s darbn\u012bcas'' Ropa\u017ei, Ropa\u017eu nov. LV-2135<\/div>\r\n\t\t\t\t\t\t\t<\/div>\r\n\t\t\t\t\t\t<\/li><li class=\"item\">\r\n\t\t\t\t\t\t\t\t<div class=\"media\">\r\n\t\t\t\t\t\t\t\t\t<div class=\"media-left\">\r\n\t\t\t\t\t\t\t\t\t\t<a href=\"#\"><i class=\"fa fa-phone\"><\/i><\/a>\r\n\t\t\t\t\t\t\t\t\t<\/div>\r\n\t\t\t\t\t\t\t\t\t<div class=\"media-body\"><a href=\"tel:+371-29645979\">+371-29645979<\/a><\/div>\r\n\t\t\t\t\t\t\t\t<\/div>\r\n\t\t\t\t\t\t\t<\/li><li class=\"item\">\r\n\t\t\t\t\t\t\t\t<div class=\"media\">\r\n\t\t\t\t\t\t\t\t\t<div class=\"media-left\">\r\n\t\t\t\t\t\t\t\t\t\t<a href=\"#\"><i class=\"fa fa-envelope-o\"><\/i><\/a>\r\n\t\t\t\t\t\t\t\t\t<\/div>\r\n\t\t\t\t\t\t\t\t\t<div class=\"media-body\"><a href=\"mailto:info@woodpanelhouses.eu\">info@woodpanelhouses.eu<\/a><\/div>\r\n\t\t\t\t\t\t\t\t<\/div>\r\n\t\t\t\t\t\t\t<\/li><\/ul>[\/vc_column][vc_column width=&#8221;2\/3&#8243; el_class=&#8221;touch_bg&#8221;]<div class=\"blank-spacer clearfix  \"  style=\"margin-bottom:-80px !important; clear:both;\"><\/div>[\/vc_column][\/vc_row][vc_row][vc_column]<div class=\"blank-spacer clearfix  \"  style=\"margin-bottom:80px !important; clear:both;\"><\/div>[vc_raw_html]JTNDaWZyYW1lJTIwc3JjJTNEJTIyaHR0cHMlM0ElMkYlMkZ3d3cuZ29vZ2xlLmNvbSUyRm1hcHMlMkZlbWJlZCUzRnBiJTNEJTIxMW0xOCUyMTFtMTIlMjExbTMlMjExZDIxNzQuNzgwMzM0MTI2MDU3NCUyMTJkMjQuNjM2MjA2MzE1NzcxMjcyJTIxM2Q1Ni45Njk2OTUxODA4OTYyMjQlMjEybTMlMjExZjAlMjEyZjAlMjEzZjAlMjEzbTIlMjExaTEwMjQlMjEyaTc2OCUyMTRmMTMuMSUyMTNtMyUyMTFtMiUyMTFzMHg0NmU5MzdlNzY2ODJiMTJkJTI1M0EweDVhOWQyZDI2YWUzNGJmMTIlMjEyc1dvb2QlMjUyMFBhbmVsJTI1MjBIb3VzZXMlMjUyMGx0ZCUyMTVlMCUyMTNtMiUyMTFzcnUlMjEyc2x2JTIxNHYxNjE2NTk3NjU0Nzk1JTIxNW0yJTIxMXNydSUyMTJzbHYlMjIlMjB3aWR0aCUzRCUyMjEwMCUyNSUyMiUyMGhlaWdodCUzRCUyMjQ1MCUyMiUyMHN0eWxlJTNEJTIyYm9yZGVyJTNBMCUzQiUyMiUyMGFsbG93ZnVsbHNjcmVlbiUzRCUyMiUyMiUyMGxvYWRpbmclM0QlMjJsYXp5JTIyJTNFJTNDJTJGaWZyYW1lJTNF[\/vc_raw_html][\/vc_column][\/vc_row]<\/p>\n","protected":false},"excerpt":{"rendered":"<p>[vc_row newlayout=&#8221;Fixed&#8221;][vc_column][\/vc_column][\/vc_row][vc_row newlayout=&#8221;Fixed&#8221; el_class=&#8221;touch&#8221;][vc_column width=&#8221;1\/3&#8243;][\/vc_column][vc_column width=&#8221;2\/3&#8243; el_class=&#8221;touch_bg&#8221;][\/vc_column][\/vc_row][vc_row][vc_column][vc_raw_html]JTNDaWZyYW1lJTIwc3JjJTNEJTIyaHR0cHMlM0ElMkYlMkZ3d3cuZ29vZ2xlLmNvbSUyRm1hcHMlMkZlbWJlZCUzRnBiJTNEJTIxMW0xOCUyMTFtMTIlMjExbTMlMjExZDIxNzQuNzgwMzM0MTI2MDU3NCUyMTJkMjQuNjM2MjA2MzE1NzcxMjcyJTIxM2Q1Ni45Njk2OTUxODA4OTYyMjQlMjEybTMlMjExZjAlMjEyZjAlMjEzZjAlMjEzbTIlMjExaTEwMjQlMjEyaTc2OCUyMTRmMTMuMSUyMTNtMyUyMTFtMiUyMTFzMHg0NmU5MzdlNzY2ODJiMTJkJTI1M0EweDVhOWQyZDI2YWUzNGJmMTIlMjEyc1dvb2QlMjUyMFBhbmVsJTI1MjBIb3VzZXMlMjUyMGx0ZCUyMTVlMCUyMTNtMiUyMTFzcnUlMjEyc2x2JTIxNHYxNjE2NTk3NjU0Nzk1JTIxNW0yJTIxMXNydSUyMTJzbHYlMjIlMjB3aWR0aCUzRCUyMjEwMCUyNSUyMiUyMGhlaWdodCUzRCUyMjQ1MCUyMiUyMHN0eWxlJTNEJTIyYm9yZGVyJTNBMCUzQiUyMiUyMGFsbG93ZnVsbHNjcmVlbiUzRCUyMiUyMiUyMGxvYWRpbmclM0QlMjJsYXp5JTIyJTNFJTNDJTJGaWZyYW1lJTNF[\/vc_raw_html][\/vc_column][\/vc_row]<\/p>\n","protected":false},"author":1,"featured_media":0,"parent":0,"menu_order":47,"comment_status":"closed","ping_status":"closed","template":"page-fluid.php","meta":{"footnotes":""},"yoast_head":"<!-- This site is optimized with the Yoast SEO plugin v22.1 - https:\/\/yoast.com\/wordpress\/plugins\/seo\/ -->\n<title>Contacts - WOOD PANEL HOUSES<\/title>\n<meta name=\"robots\" content=\"index, follow, max-snippet:-1, max-image-preview:large, max-video-preview:-1\" \/>\n<link rel=\"canonical\" href=\"https:\/\/woodpanelhouses.eu\/en\/contacts\/\" \/>\n<meta property=\"og:locale\" content=\"en_US\" \/>\n<meta property=\"og:type\" content=\"article\" \/>\n<meta property=\"og:title\" content=\"Contacts - WOOD PANEL HOUSES\" \/>\n<meta property=\"og:description\" content=\"[vc_row newlayout=&#8221;Fixed&#8221;][vc_column][\/vc_column][\/vc_row][vc_row newlayout=&#8221;Fixed&#8221; el_class=&#8221;touch&#8221;][vc_column width=&#8221;1\/3&#8243;][\/vc_column][vc_column width=&#8221;2\/3&#8243; el_class=&#8221;touch_bg&#8221;][\/vc_column][\/vc_row][vc_row][vc_column][vc_raw_html]JTNDaWZyYW1lJTIwc3JjJTNEJTIyaHR0cHMlM0ElMkYlMkZ3d3cuZ29vZ2xlLmNvbSUyRm1hcHMlMkZlbWJlZCUzRnBiJTNEJTIxMW0xOCUyMTFtMTIlMjExbTMlMjExZDIxNzQuNzgwMzM0MTI2MDU3NCUyMTJkMjQuNjM2MjA2MzE1NzcxMjcyJTIxM2Q1Ni45Njk2OTUxODA4OTYyMjQlMjEybTMlMjExZjAlMjEyZjAlMjEzZjAlMjEzbTIlMjExaTEwMjQlMjEyaTc2OCUyMTRmMTMuMSUyMTNtMyUyMTFtMiUyMTFzMHg0NmU5MzdlNzY2ODJiMTJkJTI1M0EweDVhOWQyZDI2YWUzNGJmMTIlMjEyc1dvb2QlMjUyMFBhbmVsJTI1MjBIb3VzZXMlMjUyMGx0ZCUyMTVlMCUyMTNtMiUyMTFzcnUlMjEyc2x2JTIxNHYxNjE2NTk3NjU0Nzk1JTIxNW0yJTIxMXNydSUyMTJzbHYlMjIlMjB3aWR0aCUzRCUyMjEwMCUyNSUyMiUyMGhlaWdodCUzRCUyMjQ1MCUyMiUyMHN0eWxlJTNEJTIyYm9yZGVyJTNBMCUzQiUyMiUyMGFsbG93ZnVsbHNjcmVlbiUzRCUyMiUyMiUyMGxvYWRpbmclM0QlMjJsYXp5JTIyJTNFJTNDJTJGaWZyYW1lJTNF[\/vc_raw_html][\/vc_column][\/vc_row]\" \/>\n<meta property=\"og:url\" content=\"https:\/\/woodpanelhouses.eu\/en\/contacts\/\" \/>\n<meta property=\"og:site_name\" content=\"WOOD PANEL HOUSES\" \/>\n<meta property=\"article:publisher\" content=\"https:\/\/www.facebook.com\/WoodPanelHouses\" \/>\n<meta property=\"article:modified_time\" content=\"2024-02-26T17:53:23+00:00\" \/>\n<meta name=\"twitter:card\" content=\"summary_large_image\" \/>\n<meta name=\"twitter:label1\" content=\"Est. reading time\" \/>\n\t<meta name=\"twitter:data1\" content=\"1 minute\" \/>\n<script type=\"application\/ld+json\" class=\"yoast-schema-graph\">{\"@context\":\"https:\/\/schema.org\",\"@graph\":[{\"@type\":\"WebPage\",\"@id\":\"https:\/\/woodpanelhouses.eu\/en\/contacts\/\",\"url\":\"https:\/\/woodpanelhouses.eu\/en\/contacts\/\",\"name\":\"Contacts - WOOD PANEL HOUSES\",\"isPartOf\":{\"@id\":\"https:\/\/woodpanelhouses.eu\/#website\"},\"datePublished\":\"2016-04-23T02:02:01+00:00\",\"dateModified\":\"2024-02-26T17:53:23+00:00\",\"breadcrumb\":{\"@id\":\"https:\/\/woodpanelhouses.eu\/en\/contacts\/#breadcrumb\"},\"inLanguage\":\"en-US\",\"potentialAction\":[{\"@type\":\"ReadAction\",\"target\":[\"https:\/\/woodpanelhouses.eu\/en\/contacts\/\"]}]},{\"@type\":\"BreadcrumbList\",\"@id\":\"https:\/\/woodpanelhouses.eu\/en\/contacts\/#breadcrumb\",\"itemListElement\":[{\"@type\":\"ListItem\",\"position\":1,\"name\":\"Home\",\"item\":\"https:\/\/woodpanelhouses.eu\/en\/\"},{\"@type\":\"ListItem\",\"position\":2,\"name\":\"Contacts\"}]},{\"@type\":\"WebSite\",\"@id\":\"https:\/\/woodpanelhouses.eu\/#website\",\"url\":\"https:\/\/woodpanelhouses.eu\/\",\"name\":\"WOOD PANEL HOUSES\",\"description\":\"\",\"potentialAction\":[{\"@type\":\"SearchAction\",\"target\":{\"@type\":\"EntryPoint\",\"urlTemplate\":\"https:\/\/woodpanelhouses.eu\/?s={search_term_string}\"},\"query-input\":\"required name=search_term_string\"}],\"inLanguage\":\"en-US\"}]}<\/script>\n<!-- \/ Yoast SEO plugin. -->","yoast_head_json":{"title":"Contacts - WOOD PANEL HOUSES","robots":{"index":"index","follow":"follow","max-snippet":"max-snippet:-1","max-image-preview":"max-image-preview:large","max-video-preview":"max-video-preview:-1"},"canonical":"https:\/\/woodpanelhouses.eu\/en\/contacts\/","og_locale":"en_US","og_type":"article","og_title":"Contacts - WOOD PANEL HOUSES","og_description":"[vc_row newlayout=&#8221;Fixed&#8221;][vc_column][\/vc_column][\/vc_row][vc_row newlayout=&#8221;Fixed&#8221; el_class=&#8221;touch&#8221;][vc_column width=&#8221;1\/3&#8243;][\/vc_column][vc_column width=&#8221;2\/3&#8243; el_class=&#8221;touch_bg&#8221;][\/vc_column][\/vc_row][vc_row][vc_column][vc_raw_html]JTNDaWZyYW1lJTIwc3JjJTNEJTIyaHR0cHMlM0ElMkYlMkZ3d3cuZ29vZ2xlLmNvbSUyRm1hcHMlMkZlbWJlZCUzRnBiJTNEJTIxMW0xOCUyMTFtMTIlMjExbTMlMjExZDIxNzQuNzgwMzM0MTI2MDU3NCUyMTJkMjQuNjM2MjA2MzE1NzcxMjcyJTIxM2Q1Ni45Njk2OTUxODA4OTYyMjQlMjEybTMlMjExZjAlMjEyZjAlMjEzZjAlMjEzbTIlMjExaTEwMjQlMjEyaTc2OCUyMTRmMTMuMSUyMTNtMyUyMTFtMiUyMTFzMHg0NmU5MzdlNzY2ODJiMTJkJTI1M0EweDVhOWQyZDI2YWUzNGJmMTIlMjEyc1dvb2QlMjUyMFBhbmVsJTI1MjBIb3VzZXMlMjUyMGx0ZCUyMTVlMCUyMTNtMiUyMTFzcnUlMjEyc2x2JTIxNHYxNjE2NTk3NjU0Nzk1JTIxNW0yJTIxMXNydSUyMTJzbHYlMjIlMjB3aWR0aCUzRCUyMjEwMCUyNSUyMiUyMGhlaWdodCUzRCUyMjQ1MCUyMiUyMHN0eWxlJTNEJTIyYm9yZGVyJTNBMCUzQiUyMiUyMGFsbG93ZnVsbHNjcmVlbiUzRCUyMiUyMiUyMGxvYWRpbmclM0QlMjJsYXp5JTIyJTNFJTNDJTJGaWZyYW1lJTNF[\/vc_raw_html][\/vc_column][\/vc_row]","og_url":"https:\/\/woodpanelhouses.eu\/en\/contacts\/","og_site_name":"WOOD PANEL HOUSES","article_publisher":"https:\/\/www.facebook.com\/WoodPanelHouses","article_modified_time":"2024-02-26T17:53:23+00:00","twitter_card":"summary_large_image","twitter_misc":{"Est. reading time":"1 minute"},"schema":{"@context":"https:\/\/schema.org","@graph":[{"@type":"WebPage","@id":"https:\/\/woodpanelhouses.eu\/en\/contacts\/","url":"https:\/\/woodpanelhouses.eu\/en\/contacts\/","name":"Contacts - WOOD PANEL HOUSES","isPartOf":{"@id":"https:\/\/woodpanelhouses.eu\/#website"},"datePublished":"2016-04-23T02:02:01+00:00","dateModified":"2024-02-26T17:53:23+00:00","breadcrumb":{"@id":"https:\/\/woodpanelhouses.eu\/en\/contacts\/#breadcrumb"},"inLanguage":"en-US","potentialAction":[{"@type":"ReadAction","target":["https:\/\/woodpanelhouses.eu\/en\/contacts\/"]}]},{"@type":"BreadcrumbList","@id":"https:\/\/woodpanelhouses.eu\/en\/contacts\/#breadcrumb","itemListElement":[{"@type":"ListItem","position":1,"name":"Home","item":"https:\/\/woodpanelhouses.eu\/en\/"},{"@type":"ListItem","position":2,"name":"Contacts"}]},{"@type":"WebSite","@id":"https:\/\/woodpanelhouses.eu\/#website","url":"https:\/\/woodpanelhouses.eu\/","name":"WOOD PANEL HOUSES","description":"","potentialAction":[{"@type":"SearchAction","target":{"@type":"EntryPoint","urlTemplate":"https:\/\/woodpanelhouses.eu\/?s={search_term_string}"},"query-input":"required name=search_term_string"}],"inLanguage":"en-US"}]}},"_links":{"self":[{"href":"https:\/\/woodpanelhouses.eu\/en\/wp-json\/wp\/v2\/pages\/3465"}],"collection":[{"href":"https:\/\/woodpanelhouses.eu\/en\/wp-json\/wp\/v2\/pages"}],"about":[{"href":"https:\/\/woodpanelhouses.eu\/en\/wp-json\/wp\/v2\/types\/page"}],"author":[{"embeddable":true,"href":"https:\/\/woodpanelhouses.eu\/en\/wp-json\/wp\/v2\/users\/1"}],"replies":[{"embeddable":true,"href":"https:\/\/woodpanelhouses.eu\/en\/wp-json\/wp\/v2\/comments?post=3465"}],"version-history":[{"count":6,"href":"https:\/\/woodpanelhouses.eu\/en\/wp-json\/wp\/v2\/pages\/3465\/revisions"}],"predecessor-version":[{"id":6951,"href":"https:\/\/woodpanelhouses.eu\/en\/wp-json\/wp\/v2\/pages\/3465\/revisions\/6951"}],"wp:attachment":[{"href":"https:\/\/woodpanelhouses.eu\/en\/wp-json\/wp\/v2\/media?parent=3465"}],"curies":[{"name":"wp","href":"https:\/\/api.w.org\/{rel}","templated":true}]}}