{"id":3460,"date":"2016-04-23T08:07:13","date_gmt":"2016-04-23T08:07:13","guid":{"rendered":"https:\/\/woodpanelhouses.eu\/home\/"},"modified":"2021-04-28T07:03:27","modified_gmt":"2021-04-28T07:03:27","slug":"home","status":"publish","type":"page","link":"https:\/\/woodpanelhouses.eu\/en\/","title":{"rendered":"Home"},"content":{"rendered":"<p>[vc_row css=&#8221;.vc_custom_1461427728154{background-image: url(https:\/\/woodpanelhouses.eu\/wp-content\/uploads\/2016\/04\/bg-1.png?id=217) !important;background-position: center !important;background-repeat: no-repeat !important;background-size: cover !important;}&#8221; el_class=&#8221;experience-area&#8221;][vc_column][vc_row_inner equal_height=&#8221;yes&#8221; el_class=&#8221;container&#8221;][vc_column_inner width=&#8221;5\/12&#8243;]<div class=\"blank-spacer clearfix  \"  style=\"margin-bottom:35px !important; clear:both;\"><\/div><div class=\"image-shortcode   \"><img decoding=\"async\" src=\"https:\/\/woodpanelhouses.eu\/wp-content\/uploads\/2021\/03\/work_404_404.jpg\"  alt=\"alt\"><\/div>[\/vc_column_inner][vc_column_inner el_class=&#8221;experience-info&#8221; width=&#8221;7\/12&#8243;]<div class=\"blank-spacer clearfix  \"  style=\"margin-bottom:25px !important; clear:both;\"><\/div><div class=\"section_header tblock-box text-left  \"><h2 class=\"tblock noline\" >20 YEARS OF EXPERIENCE IN THE CONSTRUCTION OF PREFABRICATED AND MODULAR HOUSES<\/h2><p >Due to the relatively light weight, strength, durability, flexibility and for a variety of possible shapes, a wooden frame panel system provides the ability to build any energy efficient buildings of application, size and complexity.<br \/>\nIn our catalog you can choose one of the standard house projects or send by e-mail<br \/>\nyour individual construction project or sketch and we will provide the best solution for your home regardless of whether it is designed as a masonry or wooden frame building.<\/p><\/div><div class=\"blank-spacer clearfix  \"  style=\"margin-bottom:30px !important; clear:both;\"><\/div>[\/vc_column_inner][\/vc_row_inner][\/vc_column][\/vc_row][vc_row css=&#8221;.vc_custom_1461428023226{padding-top: 80px !important;padding-bottom: 80px !important;background-color: #efefef !important;}&#8221;][vc_column][vc_row_inner el_class=&#8221;container&#8221;][vc_column_inner]<div class=\"section_header tblock-box text-left  \"><h2 class=\"tblock \" >What we do<\/h2><\/div><div id=\"conent-slider-31036\" class=\"we-do-slider  \"><div  class=\"we-sliders content-slider \">\r\n\t\t\t\t\t\t<div class=\"item\"><\/p>\n<div><a href=\"https:\/\/woodpanelhouses.eu\/wp-content\/uploads\/2021\/04\/enrgo-maja-scaled-e1619089161482.jpg\"><img loading=\"lazy\" decoding=\"async\" class=\"alignnone wp-image-2978 size-full\" src=\"https:\/\/woodpanelhouses.eu\/wp-content\/uploads\/2021\/04\/enrgo-maja-scaled-e1619089161482.jpg\" alt=\"pas\u012bv\u0101s m\u0101jas\" width=\"1192\" height=\"1149\" \/><\/a><\/div>\n<div>\n<h4>Energy-efficient and passive houses<\/h4>\n<\/div>\n<p><\/div>\n<div class=\"item\"><\/p>\n<div><a href=\"https:\/\/woodpanelhouses.eu\/wp-content\/uploads\/2021\/04\/panelu-montaza-e1619087803388.jpg\"><img loading=\"lazy\" decoding=\"async\" class=\"alignnone wp-image-2513 size-full\" src=\"https:\/\/woodpanelhouses.eu\/wp-content\/uploads\/2021\/04\/panelu-montaza-e1619087803388.jpg\" alt=\"panel montage\" width=\"532\" height=\"510\" \/><\/a><\/div>\n<div><\/div>\n<div>\n<h4>Production and assembly of wooden frame panels<\/h4>\n<\/div>\n<p><\/div>\n<div class=\"item\"><\/p>\n<div><a href=\"https:\/\/woodpanelhouses.eu\/wp-content\/uploads\/2021\/03\/IMG_0717-scaled-e1619085792392.jpg\"><img loading=\"lazy\" decoding=\"async\" class=\"alignnone wp-image-1666 size-full\" src=\"https:\/\/woodpanelhouses.eu\/wp-content\/uploads\/2021\/03\/IMG_0717-scaled-e1619085792392.jpg\" alt=\"slapj\u0101 pirts\" width=\"1920\" height=\"1856\" \/><\/a><\/div>\n<div><\/div>\n<div>\n<h4>Sauna construction and finishing works<\/h4>\n<\/div>\n<p><\/div>\n<div class=\"item\"><\/p>\n<div><a href=\"https:\/\/woodpanelhouses.eu\/wp-content\/uploads\/2021\/04\/2-moduli-scaled-e1619091407659.jpg\"><img loading=\"lazy\" decoding=\"async\" class=\"alignnone wp-image-2997 size-full\" src=\"https:\/\/woodpanelhouses.eu\/wp-content\/uploads\/2021\/04\/2-moduli-scaled-e1619091407659.jpg\" alt=\"\u043c\u043e\u0434\u0443\u043b\u044c\u043d\u044b\u0435 \u0434\u043e\u043c\u0430\" width=\"2252\" height=\"2176\" \/><\/a><\/div>\n<div>\n<h4>Production of modular houses<\/h4>\n<\/div>\n<p><\/div>\n<div class=\"item\"><\/p>\n<div><a href=\"https:\/\/woodpanelhouses.eu\/wp-content\/uploads\/2021\/03\/IMG_0371-e1619089590863.jpg\"><img loading=\"lazy\" decoding=\"async\" class=\"alignnone wp-image-927 size-full\" src=\"https:\/\/woodpanelhouses.eu\/wp-content\/uploads\/2021\/03\/IMG_0371-e1619089590863.jpg\" alt=\"wooden panel houses\" width=\"1240\" height=\"1198\" \/><\/a><\/div>\n<div>\n<h4>Wooden panel houses<\/h4>\n<\/div>\n<p><\/div>\n<div class=\"item\"><\/p>\n<div><a href=\"https:\/\/woodpanelhouses.eu\/wp-content\/uploads\/2021\/04\/panelu-montaza-2-scaled-e1619092779179.jpg\"><img loading=\"lazy\" decoding=\"async\" class=\"alignnone wp-image-3007 size-full\" src=\"https:\/\/woodpanelhouses.eu\/wp-content\/uploads\/2021\/04\/panelu-montaza-2-scaled-e1619092779179.jpg\" alt=\"wooden panel houses\" width=\"1749\" height=\"1695\" \/><\/a><\/div>\n<div>\n<h4>Production and assembly of wooden panel houses<\/h4>\n<\/div>\n<p><\/div>\n<div class=\"item\"><\/p>\n<div><a href=\"https:\/\/woodpanelhouses.eu\/wp-content\/uploads\/2021\/04\/IMG_9642-e1619086547748.jpg\"><img loading=\"lazy\" decoding=\"async\" class=\"alignnone wp-image-2432 size-full\" src=\"https:\/\/woodpanelhouses.eu\/wp-content\/uploads\/2021\/04\/IMG_9642-e1619086547748.jpg\" alt=\"prefab houses\" width=\"2244\" height=\"2171\" \/><\/a><\/div>\n<div>\n<h4>Decorative plaster facade finishing works<\/h4>\n<\/div>\n<p><\/div>\n<div class=\"item\"><\/p>\n<div><a href=\"https:\/\/woodpanelhouses.eu\/wp-content\/uploads\/2021\/04\/koka-fasade-scaled-e1619093890477.jpg\"><img loading=\"lazy\" decoding=\"async\" class=\"alignnone wp-image-3014 size-full\" src=\"https:\/\/woodpanelhouses.eu\/wp-content\/uploads\/2021\/04\/koka-fasade-scaled-e1619093890477.jpg\" alt=\"ventilejamas koka fasades\" width=\"1195\" height=\"1151\" \/><\/a><\/div>\n<div>\n<h4>Ventilated wooden facade finishing works<\/h4>\n<\/div>\n<p><\/div>\n<div class=\"item\"><\/p>\n<div><a href=\"https:\/\/woodpanelhouses.eu\/wp-content\/uploads\/2021\/04\/kiegeli-e1619094761210.jpg\"><img loading=\"lazy\" decoding=\"async\" class=\"alignnone wp-image-2143 size-full\" src=\"https:\/\/woodpanelhouses.eu\/wp-content\/uploads\/2021\/04\/kiegeli-e1619094761210.jpg\" alt=\"fas\u0101des\" width=\"1527\" height=\"1472\" \/><\/a><\/div>\n<div>\n<h4>Brick tiles and stone facade finishing works<\/h4>\n<\/div>\n<p><\/div>\n<div class=\"item\"><\/p>\n<div><a href=\"https:\/\/woodpanelhouses.eu\/wp-content\/uploads\/2021\/04\/20170227_122512.jpg\"><img loading=\"lazy\" decoding=\"async\" class=\"alignnone wp-image-2199 size-full\" src=\"https:\/\/woodpanelhouses.eu\/wp-content\/uploads\/2021\/04\/20170227_122512.jpg\" alt=\"akmens fas\u0101de\" width=\"1706\" height=\"1655\" srcset=\"https:\/\/woodpanelhouses.eu\/wp-content\/uploads\/2021\/04\/20170227_122512.jpg 1706w, https:\/\/woodpanelhouses.eu\/wp-content\/uploads\/2021\/04\/20170227_122512-300x291.jpg 300w, https:\/\/woodpanelhouses.eu\/wp-content\/uploads\/2021\/04\/20170227_122512-1024x993.jpg 1024w, https:\/\/woodpanelhouses.eu\/wp-content\/uploads\/2021\/04\/20170227_122512-768x745.jpg 768w, https:\/\/woodpanelhouses.eu\/wp-content\/uploads\/2021\/04\/20170227_122512-1536x1490.jpg 1536w, https:\/\/woodpanelhouses.eu\/wp-content\/uploads\/2021\/04\/20170227_122512-600x582.jpg 600w\" sizes=\"(max-width: 1706px) 100vw, 1706px\" \/><\/a><\/div>\n<div>\n<h4>Stone facade finishing tiles<\/h4>\n<\/div>\n<p><\/div>\n<div class=\"item\"><\/p>\n<div><a href=\"https:\/\/woodpanelhouses.eu\/wp-content\/uploads\/2021\/04\/20161101_140937-scaled-e1619117450263.jpg\"><img loading=\"lazy\" decoding=\"async\" class=\"alignnone wp-image-3053 size-full\" src=\"https:\/\/woodpanelhouses.eu\/wp-content\/uploads\/2021\/04\/20161101_140937-scaled-e1619117450263.jpg\" alt=\"roof master\" width=\"1460\" height=\"1438\" \/><\/a><\/div>\n<div>\n<h4>Roof coverings<br \/>\nRoofing works<\/h4>\n<p>&nbsp;<\/p>\n<\/div>\n<p><\/div>\n<div class=\"item\"><\/p>\n<div><a href=\"https:\/\/woodpanelhouses.eu\/wp-content\/uploads\/2021\/04\/20200415_161840-3-scaled-e1619118638534.jpg\"><img loading=\"lazy\" decoding=\"async\" class=\"alignnone wp-image-3058 size-full\" src=\"https:\/\/woodpanelhouses.eu\/wp-content\/uploads\/2021\/04\/20200415_161840-3-scaled-e1619118638534.jpg\" alt=\"Lietus\u016bdens noteksist\u0113ma\" width=\"1436\" height=\"1413\" \/><\/a><\/div>\n<div>\n<h4>Rainwater drainage systems<br \/>\nSteel rainwater gutter<\/h4>\n<p>&nbsp;<\/p>\n<\/div>\n<p><\/div>\n<div class=\"item\"><\/p>\n<div><a href=\"https:\/\/woodpanelhouses.eu\/wp-content\/uploads\/2021\/04\/interjera-apdare-scaled-e1619115584497.jpg\"><img loading=\"lazy\" decoding=\"async\" class=\"alignnone wp-image-2461 size-full\" src=\"https:\/\/woodpanelhouses.eu\/wp-content\/uploads\/2021\/04\/interjera-apdare-scaled-e1619115584497.jpg\" alt=\"modular house interior decoration\" width=\"1995\" height=\"1900\" \/><\/a><\/div>\n<div>\n<h4>Interior finishing works<\/h4>\n<\/div>\n<p><\/div>\n<div class=\"item\"><\/p>\n<div><a href=\"https:\/\/woodpanelhouses.eu\/wp-content\/uploads\/2021\/04\/DSC00981-scaled-e1619094935386.jpg\"><img loading=\"lazy\" decoding=\"async\" class=\"alignnone wp-image-2841 size-full\" src=\"https:\/\/woodpanelhouses.eu\/wp-content\/uploads\/2021\/04\/DSC00981-scaled-e1619094935386.jpg\" alt=\"pamatu b\u016bvniec\u012bba\" width=\"1996\" height=\"1920\" \/><\/a><\/div>\n<div>\n<h4>Foundation construction<\/h4>\n<\/div>\n<p><\/div>\n<div class=\"item\"><\/p>\n<div><a href=\"https:\/\/woodpanelhouses.eu\/wp-content\/uploads\/2021\/04\/apsildamas-gridas-scaled-e1619095518207.jpg\"><img loading=\"lazy\" decoding=\"async\" class=\"alignnone wp-image-3027 size-full\" src=\"https:\/\/woodpanelhouses.eu\/wp-content\/uploads\/2021\/04\/apsildamas-gridas-scaled-e1619095518207.jpg\" alt=\"apsild\u0101m\u0101s gr\u012bdas\" width=\"1489\" height=\"1440\" \/><\/a><\/div>\n<div>\n<h4>Engineering communication<\/h4>\n<\/div>\n<p><\/div>\n<div class=\"item\"><\/p>\n<div><a href=\"https:\/\/woodpanelhouses.eu\/wp-content\/uploads\/2021\/04\/kamins-2-e1619096006926.jpg\"><img loading=\"lazy\" decoding=\"async\" class=\"alignnone wp-image-3033 size-full\" src=\"https:\/\/woodpanelhouses.eu\/wp-content\/uploads\/2021\/04\/kamins-2-e1619096006926.jpg\" alt=\"interjera apdare\" width=\"891\" height=\"861\" \/><\/a><\/div>\n<div>\n<h4>Fireplace construction<\/h4>\n<\/div>\n<p><\/div>\r\n\t\t\t\t\t<\/div><\/div><script type=\"text\/javascript\">\r\n\t\t\t\tjQuery(document).ready(function(){\r\n\t\t\t\t\tjQuery(\"#conent-slider-31036 .we-sliders\").owlCarousel({\r\n\t\t\t\t\t\trtl\t:false,\r\n\t\t\t\t\t\t\t\tnav : true,navText: [\"<i class=\\\"fa fa-angle-left\\\"><\/i>\",\"<i class=\\\"fa fa-angle-right\\\"><\/i>\"],dots:false,\r\n\t\t\t\t\t\t\t\titems : 4,\r\n\t\t\t\t\t\t\t\tautoplay: false,\r\n\t\t\t\t\t\t\t\tautoplayTimeout:3000,\r\n\t\t\t\t\t\t\t\tloop:true,\r\n\t\t\t\t\t\t\t\tmargin:30,\r\n\t\t\t\t\t\t\t\tresponsiveClass:true,\r\n\t\t\t\t\t\t\t\tresponsive:{\r\n\t\t\t\t\t\t\t\t\t0:{\r\n\t\t\t\t\t\t\t\t\t\titems:1\r\n\t\t\t\t\t\t\t\t\t},\r\n\t\t\t\t\t\t\t\t\t481:{\r\n\t\t\t\t\t\t\t\t\t\titems:2\r\n\t\t\t\t\t\t\t\t\t},\r\n\t\t\t\t\t\t\t\t\t700:{\r\n\t\t\t\t\t\t\t\t\t\titems:3\r\n\t\t\t\t\t\t\t\t\t},\r\n\t\t\t\t\t\t\t\t\t992:{\r\n\t\t\t\t\t\t\t\t\t\titems:4,\r\n\t\t\t\t\t\t\t\t\t}\r\n\t\t\t\t\t\t\t\t}\r\n\t\t\t\t\t});})\r\n\t\t\t<\/script>[\/vc_column_inner][\/vc_row_inner][\/vc_column][\/vc_row]<\/p>\n","protected":false},"excerpt":{"rendered":"<p>[vc_row css=&#8221;.vc_custom_1461427728154{background-image: url(https:\/\/woodpanelhouses.eu\/wp-content\/uploads\/2016\/04\/bg-1.png?id=217) !important;background-position: center !important;background-repeat: no-repeat !important;background-size: cover !important;}&#8221; el_class=&#8221;experience-area&#8221;][vc_column][vc_row_inner equal_height=&#8221;yes&#8221; el_class=&#8221;container&#8221;][vc_column_inner width=&#8221;5\/12&#8243;][\/vc_column_inner][vc_column_inner el_class=&#8221;experience-info&#8221; width=&#8221;7\/12&#8243;][\/vc_column_inner][\/vc_row_inner][\/vc_column][\/vc_row][vc_row css=&#8221;.vc_custom_1461428023226{padding-top: 80px !important;padding-bottom: 80px !important;background-color: #efefef !important;}&#8221;][vc_column][vc_row_inner el_class=&#8221;container&#8221;][vc_column_inner][\/vc_column_inner][\/vc_row_inner][\/vc_column][\/vc_row]<\/p>\n","protected":false},"author":1,"featured_media":0,"parent":0,"menu_order":42,"comment_status":"closed","ping_status":"closed","template":"homepage-template.php","meta":{"footnotes":""},"yoast_head":"<!-- This site is optimized with the Yoast SEO plugin v22.1 - https:\/\/yoast.com\/wordpress\/plugins\/seo\/ -->\n<title>Home - WOOD PANEL HOUSES<\/title>\n<meta name=\"robots\" content=\"index, follow, max-snippet:-1, max-image-preview:large, max-video-preview:-1\" \/>\n<link rel=\"canonical\" href=\"https:\/\/woodpanelhouses.eu\/en\/\" \/>\n<meta property=\"og:locale\" content=\"en_US\" \/>\n<meta property=\"og:type\" content=\"article\" \/>\n<meta property=\"og:title\" content=\"Home - WOOD PANEL HOUSES\" \/>\n<meta property=\"og:description\" content=\"[vc_row css=&#8221;.vc_custom_1461427728154{background-image: url(https:\/\/woodpanelhouses.eu\/wp-content\/uploads\/2016\/04\/bg-1.png?id=217) !important;background-position: center !important;background-repeat: no-repeat !important;background-size: cover !important;}&#8221; el_class=&#8221;experience-area&#8221;][vc_column][vc_row_inner equal_height=&#8221;yes&#8221; el_class=&#8221;container&#8221;][vc_column_inner width=&#8221;5\/12&#8243;][\/vc_column_inner][vc_column_inner el_class=&#8221;experience-info&#8221; width=&#8221;7\/12&#8243;][\/vc_column_inner][\/vc_row_inner][\/vc_column][\/vc_row][vc_row css=&#8221;.vc_custom_1461428023226{padding-top: 80px !important;padding-bottom: 80px !important;background-color: #efefef !important;}&#8221;][vc_column][vc_row_inner el_class=&#8221;container&#8221;][vc_column_inner][\/vc_column_inner][\/vc_row_inner][\/vc_column][\/vc_row]\" \/>\n<meta property=\"og:url\" content=\"https:\/\/woodpanelhouses.eu\/en\/\" \/>\n<meta property=\"og:site_name\" content=\"WOOD PANEL HOUSES\" \/>\n<meta property=\"article:publisher\" content=\"https:\/\/www.facebook.com\/WoodPanelHouses\" \/>\n<meta property=\"article:modified_time\" content=\"2021-04-28T07:03:27+00:00\" \/>\n<meta property=\"og:image\" content=\"https:\/\/woodpanelhouses.eu\/wp-content\/uploads\/2021\/04\/enrgo-maja-scaled-e1619089161482.jpg\" \/>\n<meta name=\"twitter:card\" content=\"summary_large_image\" \/>\n<meta name=\"twitter:label1\" content=\"Est. reading time\" \/>\n\t<meta name=\"twitter:data1\" content=\"2 minutes\" \/>\n<script type=\"application\/ld+json\" class=\"yoast-schema-graph\">{\"@context\":\"https:\/\/schema.org\",\"@graph\":[{\"@type\":\"WebPage\",\"@id\":\"https:\/\/woodpanelhouses.eu\/en\/\",\"url\":\"https:\/\/woodpanelhouses.eu\/en\/\",\"name\":\"Home - WOOD PANEL HOUSES\",\"isPartOf\":{\"@id\":\"https:\/\/woodpanelhouses.eu\/#website\"},\"datePublished\":\"2016-04-23T08:07:13+00:00\",\"dateModified\":\"2021-04-28T07:03:27+00:00\",\"breadcrumb\":{\"@id\":\"https:\/\/woodpanelhouses.eu\/en\/#breadcrumb\"},\"inLanguage\":\"en-US\",\"potentialAction\":[{\"@type\":\"ReadAction\",\"target\":[\"https:\/\/woodpanelhouses.eu\/en\/\"]}]},{\"@type\":\"BreadcrumbList\",\"@id\":\"https:\/\/woodpanelhouses.eu\/en\/#breadcrumb\",\"itemListElement\":[{\"@type\":\"ListItem\",\"position\":1,\"name\":\"Home\",\"item\":\"https:\/\/woodpanelhouses.eu\/en\/\"},{\"@type\":\"ListItem\",\"position\":2,\"name\":\"Home\"}]},{\"@type\":\"WebSite\",\"@id\":\"https:\/\/woodpanelhouses.eu\/#website\",\"url\":\"https:\/\/woodpanelhouses.eu\/\",\"name\":\"WOOD PANEL HOUSES\",\"description\":\"\",\"potentialAction\":[{\"@type\":\"SearchAction\",\"target\":{\"@type\":\"EntryPoint\",\"urlTemplate\":\"https:\/\/woodpanelhouses.eu\/?s={search_term_string}\"},\"query-input\":\"required name=search_term_string\"}],\"inLanguage\":\"en-US\"}]}<\/script>\n<!-- \/ Yoast SEO plugin. -->","yoast_head_json":{"title":"Home - WOOD PANEL HOUSES","robots":{"index":"index","follow":"follow","max-snippet":"max-snippet:-1","max-image-preview":"max-image-preview:large","max-video-preview":"max-video-preview:-1"},"canonical":"https:\/\/woodpanelhouses.eu\/en\/","og_locale":"en_US","og_type":"article","og_title":"Home - WOOD PANEL HOUSES","og_description":"[vc_row css=&#8221;.vc_custom_1461427728154{background-image: url(https:\/\/woodpanelhouses.eu\/wp-content\/uploads\/2016\/04\/bg-1.png?id=217) !important;background-position: center !important;background-repeat: no-repeat !important;background-size: cover !important;}&#8221; el_class=&#8221;experience-area&#8221;][vc_column][vc_row_inner equal_height=&#8221;yes&#8221; el_class=&#8221;container&#8221;][vc_column_inner width=&#8221;5\/12&#8243;][\/vc_column_inner][vc_column_inner el_class=&#8221;experience-info&#8221; width=&#8221;7\/12&#8243;][\/vc_column_inner][\/vc_row_inner][\/vc_column][\/vc_row][vc_row css=&#8221;.vc_custom_1461428023226{padding-top: 80px !important;padding-bottom: 80px !important;background-color: #efefef !important;}&#8221;][vc_column][vc_row_inner el_class=&#8221;container&#8221;][vc_column_inner][\/vc_column_inner][\/vc_row_inner][\/vc_column][\/vc_row]","og_url":"https:\/\/woodpanelhouses.eu\/en\/","og_site_name":"WOOD PANEL HOUSES","article_publisher":"https:\/\/www.facebook.com\/WoodPanelHouses","article_modified_time":"2021-04-28T07:03:27+00:00","og_image":[{"url":"https:\/\/woodpanelhouses.eu\/wp-content\/uploads\/2021\/04\/enrgo-maja-scaled-e1619089161482.jpg"}],"twitter_card":"summary_large_image","twitter_misc":{"Est. reading time":"2 minutes"},"schema":{"@context":"https:\/\/schema.org","@graph":[{"@type":"WebPage","@id":"https:\/\/woodpanelhouses.eu\/en\/","url":"https:\/\/woodpanelhouses.eu\/en\/","name":"Home - WOOD PANEL HOUSES","isPartOf":{"@id":"https:\/\/woodpanelhouses.eu\/#website"},"datePublished":"2016-04-23T08:07:13+00:00","dateModified":"2021-04-28T07:03:27+00:00","breadcrumb":{"@id":"https:\/\/woodpanelhouses.eu\/en\/#breadcrumb"},"inLanguage":"en-US","potentialAction":[{"@type":"ReadAction","target":["https:\/\/woodpanelhouses.eu\/en\/"]}]},{"@type":"BreadcrumbList","@id":"https:\/\/woodpanelhouses.eu\/en\/#breadcrumb","itemListElement":[{"@type":"ListItem","position":1,"name":"Home","item":"https:\/\/woodpanelhouses.eu\/en\/"},{"@type":"ListItem","position":2,"name":"Home"}]},{"@type":"WebSite","@id":"https:\/\/woodpanelhouses.eu\/#website","url":"https:\/\/woodpanelhouses.eu\/","name":"WOOD PANEL HOUSES","description":"","potentialAction":[{"@type":"SearchAction","target":{"@type":"EntryPoint","urlTemplate":"https:\/\/woodpanelhouses.eu\/?s={search_term_string}"},"query-input":"required name=search_term_string"}],"inLanguage":"en-US"}]}},"_links":{"self":[{"href":"https:\/\/woodpanelhouses.eu\/en\/wp-json\/wp\/v2\/pages\/3460"}],"collection":[{"href":"https:\/\/woodpanelhouses.eu\/en\/wp-json\/wp\/v2\/pages"}],"about":[{"href":"https:\/\/woodpanelhouses.eu\/en\/wp-json\/wp\/v2\/types\/page"}],"author":[{"embeddable":true,"href":"https:\/\/woodpanelhouses.eu\/en\/wp-json\/wp\/v2\/users\/1"}],"replies":[{"embeddable":true,"href":"https:\/\/woodpanelhouses.eu\/en\/wp-json\/wp\/v2\/comments?post=3460"}],"version-history":[{"count":9,"href":"https:\/\/woodpanelhouses.eu\/en\/wp-json\/wp\/v2\/pages\/3460\/revisions"}],"predecessor-version":[{"id":4255,"href":"https:\/\/woodpanelhouses.eu\/en\/wp-json\/wp\/v2\/pages\/3460\/revisions\/4255"}],"wp:attachment":[{"href":"https:\/\/woodpanelhouses.eu\/en\/wp-json\/wp\/v2\/media?parent=3460"}],"curies":[{"name":"wp","href":"https:\/\/api.w.org\/{rel}","templated":true}]}}